{"id":824,"date":"2017-10-16T05:48:56","date_gmt":"2017-10-16T05:48:56","guid":{"rendered":"http:\/\/localhost\/fares\/?post_type=product&#038;p=824"},"modified":"2023-09-13T01:16:07","modified_gmt":"2023-09-13T01:16:07","slug":"computacion-quinto-grado","status":"publish","type":"product","link":"https:\/\/prueba.editorialfares.com\/wpcsv\/producto\/computacion-quinto-grado\/","title":{"rendered":""},"content":{"rendered":"<table border=\"0\">\n<tbody>\n<tr>\n<th scope=\"col\" align=\"center\" valign=\"middle\" bgcolor=\"#E5E7EF\" width=\"512\"><strong style=\"font-family: Segoe, 'Segoe UI', 'DejaVu Sans', 'Trebuchet MS', Verdana, sans-serif; text-align: center; font-size: 20px; color: #202a51;\"> Contenidos conceptuales<\/strong><\/th>\n<th scope=\"col\" align=\"center\" valign=\"middle\" bgcolor=\"#ECF6F7\" width=\"513\"><strong style=\"font-family: Segoe, 'Segoe UI', 'DejaVu Sans', 'Trebuchet MS', Verdana, sans-serif; text-align: center; font-size: 20px; color: #202a51;\">Contenidos procedimentales <\/strong><\/th>\n<th scope=\"col\" align=\"center\" valign=\"middle\" bgcolor=\"#FAF2E0\" width=\"513\"><strong style=\"font-family: Segoe, 'Segoe UI', 'DejaVu Sans', 'Trebuchet MS', Verdana, sans-serif; text-align: center; font-size: 20px; color: #202a51;\">Contenidos actitudinales <\/strong><\/th>\n<\/tr>\n<tr>\n<td>\n<ul>\n<li><span style=\"color: #202a51;\">Bloques de apariencia, control, operadores, informador y de sonido<\/span><\/li>\n<li><span style=\"color: #202a51;\">Temas predise\u00f1ados de PowerPoint 2021<\/span><\/li>\n<li><span style=\"color: #202a51;\">Transiciones<\/span><\/li>\n<li><span style=\"color: #202a51;\">Animaciones<\/span><\/li>\n<li><span style=\"color: #202a51;\">Tabuladores y Tablas en Word 2021<\/span><\/li>\n<li><span style=\"color: #202a51;\">Dise\u00f1o de p\u00e1gina<\/span><\/li>\n<li><span style=\"color: #202a51;\">N\u00famero de p\u00e1gina<\/span><\/li>\n<li><span style=\"color: #202a51;\">Impresi\u00f3n de un documento de Word 2021<\/span><\/li>\n<li><span style=\"color: #202a51;\">Funciones matem\u00e1ticas<\/span>\n<ul>\n<li><span style=\"color: #202a51;\">ROMANO<\/span><\/li>\n<li><span style=\"color: #202a51;\">POTENCIA<\/span><\/li>\n<li><span style=\"color: #202a51;\">RAIZ<\/span><\/li>\n<li><span style=\"color: #202a51;\">RESIDUO<\/span><\/li>\n<li><span style=\"color: #202a51;\">COCIENTE<\/span><\/li>\n<li><span style=\"color: #202a51;\">SI<\/span><\/li>\n<li><span style=\"color: #202a51;\">TRUNCAR<\/span><\/li>\n<\/ul>\n<\/li>\n<li><span style=\"color: #202a51;\">Funciones estad\u00edsticas<\/span>\n<ul>\n<li><span style=\"color: #202a51;\">CONTAR<\/span><\/li>\n<li><span style=\"color: #202a51;\">BLANCO<\/span><\/li>\n<li><span style=\"color: #202a51;\">SI<\/span><\/li>\n<li><span style=\"color: #202a51;\">CONTARA<\/span><\/li>\n<li><span style=\"color: #202a51;\">MAX<\/span><\/li>\n<li><span style=\"color: #202a51;\">MIN<\/span><\/li>\n<li><span style=\"color: #202a51;\">SI<\/span><\/li>\n<\/ul>\n<\/li>\n<\/ul>\n<\/td>\n<td>\n<ul>\n<li><span style=\"color: #202a51;\">Crear proyectos nuevos utilizando los bloques de apariencia, control operadores, informador, y de sonido.<\/span><\/li>\n<li><span style=\"color: #202a51;\">Crear un personaje.<\/span><\/li>\n<li><span style=\"color: #202a51;\">Aplicar y personalizar temas predise\u00f1ados en PowerPoint 2021.<\/span><\/li>\n<li><span style=\"color: #202a51;\">Aplicar transiciones y animaciones.<\/span><\/li>\n<li><span style=\"color: #202a51;\">Insertar v\u00eddeo y audio en PowerPoint 2021.<\/span><\/li>\n<li><span style=\"color: #202a51;\">Imprimir la presentaci\u00f3n en PowerPoint 2021.<\/span><\/li>\n<li><span style=\"color: #202a51;\">Convertir una lista tabulada en una tabla en Word 2021.<\/span><\/li>\n<li><span style=\"color: #202a51;\">Aplicar formato r\u00e1pido a una tabla en Word 2021.<\/span><\/li>\n<li><span style=\"color: #202a51;\">Combinar y dividir celdas.<\/span><\/li>\n<li><span style=\"color: #202a51;\">Realizar ejercicios pr\u00e1cticos en Excel utilizando las funciones matem\u00e1ticas y estad\u00edsticas con su sintaxis correcta.<\/span><\/li>\n<li><span style=\"color: #202a51;\">Imprimir una hoja de trabajo en Excel 2021.<\/span><\/li>\n<\/ul>\n<\/td>\n<td>\n<ul>\n<li><span style=\"color: #202a51;\">Tiene consciencia sobre la importancia de utilizar la l\u00f3gica creando animaciones entretenidas y de aprendizaje en Scratch 3.<\/span><\/li>\n<li><span style=\"color: #202a51;\">Elegir la mejor opci\u00f3n para crear presentaciones profesionales que permitan plasmar conocimientos sobre un determinado tema en estas presentaciones a trav\u00e9s de PowerPoint 2021.<\/span><\/li>\n<li><span style=\"color: #202a51;\">Participaci\u00f3n en el desarrollo de tabulaciones, cambio de m\u00e1rgenes y orientaci\u00f3n en las p\u00e1ginas de Word 2021.<\/span><\/li>\n<li><span style=\"color: #202a51;\">Disposici\u00f3n para realizar ejercicios pr\u00e1cticos en el aula sobre las funciones matem\u00e1ticas y estad\u00edsticas.<\/span><\/li>\n<li><span style=\"color: #202a51;\">Comparte los resultados obtenidos de los c\u00e1lculos con f\u00f3rmulas y funciones.<\/span><\/li>\n<li><span style=\"color: #202a51;\">Disposici\u00f3n al trabajo.<\/span><\/li>\n<li><span style=\"color: #202a51;\">Respeto a normas de convivencia.<\/span><\/li>\n<\/ul>\n<\/td>\n<\/tr>\n<\/tbody>\n<\/table>\n","protected":false},"excerpt":{"rendered":"<p><strong style=\"font-family: Segoe, 'Segoe UI', 'DejaVu Sans', 'Trebuchet MS', Verdana, sans-serif; font-size: 20px;\">Programas<\/strong><\/p>\n<ul>\n<li>Scratch 3<\/li>\n<li>PowerPoint 2021<\/li>\n<li>Word 2021<\/li>\n<li>Excel 2021<\/li>\n<\/ul>\n<p>&nbsp;<\/p>\n<p><strong style=\"font-family: Segoe, 'Segoe UI', 'DejaVu Sans', 'Trebuchet MS', Verdana, sans-serif; font-size: 20px;\">Unidades en que se divide el libro<\/strong><\/p>\n<ul>\n<li>Unidad did\u00e1ctica 1: <strong>Animando y programando en Scratch 3<\/strong><\/li>\n<li>Unidad did\u00e1ctica 2: <strong>A\u00f1adir temas predise\u00f1ados, movimiento y sonido en PowerPoint 2021<\/strong><\/li>\n<li>Unidad did\u00e1ctica 3: <strong>Listas tabuladas, Tablas y Configuraci\u00f3n de p\u00e1gina en Word 2021<\/strong><\/li>\n<li>Unidad did\u00e1ctica 4: <strong>Funciones matem\u00e1ticas y estad\u00edsticas en Excel 2021<\/strong><\/li>\n<\/ul>\n","protected":false},"featured_media":1517,"comment_status":"open","ping_status":"closed","template":"","meta":{"pagelayer_contact_templates":[],"_pagelayer_content":""},"product_brand":[],"product_cat":[43,20,49,44,19],"product_tag":[],"class_list":{"0":"post-824","1":"product","2":"type-product","3":"status-publish","4":"has-post-thumbnail","6":"product_cat-educacion-basica","7":"product_cat-todos","8":"product_cat-bookslider","9":"product_cat-computacion","10":"product_cat-nuevas-publicaciones","12":"first","13":"instock","14":"shipping-taxable","15":"product-type-simple"},"_links":{"self":[{"href":"https:\/\/prueba.editorialfares.com\/wpcsv\/wp-json\/wp\/v2\/product\/824","targetHints":{"allow":["GET"]}}],"collection":[{"href":"https:\/\/prueba.editorialfares.com\/wpcsv\/wp-json\/wp\/v2\/product"}],"about":[{"href":"https:\/\/prueba.editorialfares.com\/wpcsv\/wp-json\/wp\/v2\/types\/product"}],"replies":[{"embeddable":true,"href":"https:\/\/prueba.editorialfares.com\/wpcsv\/wp-json\/wp\/v2\/comments?post=824"}],"wp:featuredmedia":[{"embeddable":true,"href":"https:\/\/prueba.editorialfares.com\/wpcsv\/wp-json\/wp\/v2\/media\/1517"}],"wp:attachment":[{"href":"https:\/\/prueba.editorialfares.com\/wpcsv\/wp-json\/wp\/v2\/media?parent=824"}],"wp:term":[{"taxonomy":"product_brand","embeddable":true,"href":"https:\/\/prueba.editorialfares.com\/wpcsv\/wp-json\/wp\/v2\/product_brand?post=824"},{"taxonomy":"product_cat","embeddable":true,"href":"https:\/\/prueba.editorialfares.com\/wpcsv\/wp-json\/wp\/v2\/product_cat?post=824"},{"taxonomy":"product_tag","embeddable":true,"href":"https:\/\/prueba.editorialfares.com\/wpcsv\/wp-json\/wp\/v2\/product_tag?post=824"}],"curies":[{"name":"wp","href":"https:\/\/api.w.org\/{rel}","templated":true}]}}