{"id":827,"date":"2017-10-16T05:51:37","date_gmt":"2017-10-16T05:51:37","guid":{"rendered":"http:\/\/localhost\/fares\/?post_type=product&#038;p=827"},"modified":"2023-09-13T01:16:34","modified_gmt":"2023-09-13T01:16:34","slug":"sexto-grado","status":"publish","type":"product","link":"https:\/\/prueba.editorialfares.com\/wpcsv\/producto\/sexto-grado\/","title":{"rendered":""},"content":{"rendered":"<table border=\"0\">\n<tbody>\n<tr>\n<th scope=\"col\" align=\"center\" valign=\"middle\" bgcolor=\"#E5E7EF\" width=\"512\"><strong style=\"font-family: Segoe, 'Segoe UI', 'DejaVu Sans', 'Trebuchet MS', Verdana, sans-serif; text-align: center; font-size: 20px; color: #202a51;\"> Contenidos conceptuales<\/strong><\/th>\n<th scope=\"col\" align=\"center\" valign=\"middle\" bgcolor=\"#ECF6F7\" width=\"513\"><strong style=\"font-family: Segoe, 'Segoe UI', 'DejaVu Sans', 'Trebuchet MS', Verdana, sans-serif; text-align: center; font-size: 20px; color: #202a51;\">Contenidos procedimentales <\/strong><\/th>\n<th scope=\"col\" align=\"center\" valign=\"middle\" bgcolor=\"#FAF2E0\" width=\"513\"><strong style=\"font-family: Segoe, 'Segoe UI', 'DejaVu Sans', 'Trebuchet MS', Verdana, sans-serif; text-align: center; font-size: 20px; color: #202a51;\">Contenidos actitudinales <\/strong><\/th>\n<\/tr>\n<tr>\n<td>\n<ul>\n<li><span style=\"color: #202a51;\">Bloques de apariencia, control, movimiento, sensores y variables en Scratch 3<\/span><\/li>\n<li><span style=\"color: #202a51;\">Inkscape 1.2<\/span><\/li>\n<li><span style=\"color: #202a51;\">Bitmaps e Im\u00e1genes vectoriales<\/span><\/li>\n<li><span style=\"color: #202a51;\">Interfaz de Inkscape 1.2<\/span><\/li>\n<li><span style=\"color: #202a51;\">Colores<\/span><\/li>\n<li><span style=\"color: #202a51;\">Herramientas pluma, cuentagotas e intersecci\u00f3n<\/span><\/li>\n<li><span style=\"color: #202a51;\">Vectores a bitmaps<\/span><\/li>\n<li><span style=\"color: #202a51;\">Vectorizando bitmaps<\/span><\/li>\n<li><span style=\"color: #202a51;\">Operadores de comparaci\u00f3n<\/span><\/li>\n<li><span style=\"color: #202a51;\">Funciones l\u00f3gicas<\/span>\n<ul>\n<li><span style=\"color: #202a51;\">Y<\/span><\/li>\n<li><span style=\"color: #202a51;\">O<\/span><\/li>\n<li><span style=\"color: #202a51;\">SI<\/span><\/li>\n<\/ul>\n<\/li>\n<li><span style=\"color: #202a51;\">Funciones de texto<\/span>\n<ul>\n<li><span style=\"color: #202a51;\">CARACTER<\/span><\/li>\n<li><span style=\"color: #202a51;\">CODIGO<\/span><\/li>\n<li><span style=\"color: #202a51;\">CONCAT<\/span><\/li>\n<li><span style=\"color: #202a51;\">MAYUSC<\/span><\/li>\n<li><span style=\"color: #202a51;\">MINUSC<\/span><\/li>\n<li><span style=\"color: #202a51;\">NOMPROPIO<\/span><\/li>\n<\/ul>\n<\/li>\n<li><span style=\"color: #202a51;\">Gr\u00e1ficos de columna y barra, circulares<\/span><\/li>\n<\/ul>\n<\/td>\n<td>\n<ul>\n<li><span style=\"color: #202a51;\">Crear proyectos nuevos utilizando los bloques de apariencia, control movimiento, sensores y variables en Scratch 3.<\/span><\/li>\n<li><span style=\"color: #202a51;\">Ingresar a Inkscape.<\/span><\/li>\n<li><span style=\"color: #202a51;\">Guardar y abrir un documento en Inkscape 1.2.<\/span><\/li>\n<li><span style=\"color: #202a51;\">Modificar vectores.<\/span><\/li>\n<li><span style=\"color: #202a51;\">Crear espirales y cajas 3D.<\/span><\/li>\n<li><span style=\"color: #202a51;\">Combinar formas en Inkscape 1.2.<\/span><\/li>\n<li><span style=\"color: #202a51;\">Rotar 90\u00b0, reflejar objetos, clonar y recorte.<\/span><\/li>\n<li><span style=\"color: #202a51;\">Exportar un vector como mapa de bits.<\/span><\/li>\n<li><span style=\"color: #202a51;\">Vectorizar mapa de bits: Pasada simple en Inkscape 1.2.<\/span><\/li>\n<li><span style=\"color: #202a51;\">Vectorizar mapa de bits: Multicolor en Inkscape 1.2.<\/span><\/li>\n<li><span style=\"color: #202a51;\">Realizar ejercicios pr\u00e1cticos utilizando las funciones l\u00f3gicas y de texto en Excel 2021.<\/span><\/li>\n<li><span style=\"color: #202a51;\">Crear gr\u00e1ficos de columnas y barras, circulares en Excel 2021.<\/span><\/li>\n<\/ul>\n<\/td>\n<td>\n<ul>\n<li><span style=\"color: #202a51;\">Valorar Scratch 3 para desarrollar la capacidad l\u00f3gica mediante la creaci\u00f3n de proyectos programados de forma divertida.<\/span><\/li>\n<li><span style=\"color: #202a51;\">Reconocer la funcionalidad que tiene Inkscape en la creaci\u00f3n de gr\u00e1ficos, diagramas, l\u00edneas, formas etc.<\/span><\/li>\n<li><span style=\"color: #202a51;\">Utilizar de manera correcta las formas de vectorizar los bitmaps mediante las opciones pasada simple y multicolor en Inkscape 1.2.<\/span><\/li>\n<li><span style=\"color: #202a51;\">Toma de conciencia para desarrollar tablas y realizar c\u00e1lculos en Excel 2021 para tomar decisiones utilizando la l\u00f3gica.<\/span><\/li>\n<li><span style=\"color: #202a51;\">Realizaci\u00f3n de las actividades de aprendizaje.<\/span><\/li>\n<li><span style=\"color: #202a51;\">Disposici\u00f3n al trabajo en equipo.<\/span><\/li>\n<li><span style=\"color: #202a51;\">Respeto a normas de convivencia.<\/span><\/li>\n<\/ul>\n<\/td>\n<\/tr>\n<\/tbody>\n<\/table>\n","protected":false},"excerpt":{"rendered":"<p><strong style=\"font-family: Segoe, 'Segoe UI', 'DejaVu Sans', 'Trebuchet MS', Verdana, sans-serif; font-size: 20px;\">Programas<\/strong><\/p>\n<ul>\n<li>Scratch 3<\/li>\n<li>Inkscape 1.2<\/li>\n<li>Excel 2021<\/li>\n<\/ul>\n<p>&nbsp;<\/p>\n<p><strong style=\"font-family: Segoe, 'Segoe UI', 'DejaVu Sans', 'Trebuchet MS', Verdana, sans-serif; font-size: 20px;\">Unidades en que se divide el libro<\/strong><\/p>\n<ul>\n<li>Unidad did\u00e1ctica 1: <strong>Animando y programando en Scratch 3<\/strong><\/li>\n<li>Unidad did\u00e1ctica 2: \u00a0<strong>Inkscape 1.2<\/strong><\/li>\n<li>Unidad did\u00e1ctica 3: <strong>A\u00f1adir texto, vectores a bitmaps y bitmaps a vectores en Inkscape 1.2<\/strong><\/li>\n<li>Unidad did\u00e1ctica 4: <strong>Tomando decisiones en Excel 2021<\/strong><\/li>\n<\/ul>\n<p>&nbsp;<\/p>\n","protected":false},"featured_media":1518,"comment_status":"open","ping_status":"closed","template":"","meta":{"pagelayer_contact_templates":[],"_pagelayer_content":""},"product_brand":[],"product_cat":[43,20,49,44,19],"product_tag":[],"class_list":{"0":"post-827","1":"product","2":"type-product","3":"status-publish","4":"has-post-thumbnail","6":"product_cat-educacion-basica","7":"product_cat-todos","8":"product_cat-bookslider","9":"product_cat-computacion","10":"product_cat-nuevas-publicaciones","12":"first","13":"instock","14":"shipping-taxable","15":"product-type-simple"},"_links":{"self":[{"href":"https:\/\/prueba.editorialfares.com\/wpcsv\/wp-json\/wp\/v2\/product\/827","targetHints":{"allow":["GET"]}}],"collection":[{"href":"https:\/\/prueba.editorialfares.com\/wpcsv\/wp-json\/wp\/v2\/product"}],"about":[{"href":"https:\/\/prueba.editorialfares.com\/wpcsv\/wp-json\/wp\/v2\/types\/product"}],"replies":[{"embeddable":true,"href":"https:\/\/prueba.editorialfares.com\/wpcsv\/wp-json\/wp\/v2\/comments?post=827"}],"wp:featuredmedia":[{"embeddable":true,"href":"https:\/\/prueba.editorialfares.com\/wpcsv\/wp-json\/wp\/v2\/media\/1518"}],"wp:attachment":[{"href":"https:\/\/prueba.editorialfares.com\/wpcsv\/wp-json\/wp\/v2\/media?parent=827"}],"wp:term":[{"taxonomy":"product_brand","embeddable":true,"href":"https:\/\/prueba.editorialfares.com\/wpcsv\/wp-json\/wp\/v2\/product_brand?post=827"},{"taxonomy":"product_cat","embeddable":true,"href":"https:\/\/prueba.editorialfares.com\/wpcsv\/wp-json\/wp\/v2\/product_cat?post=827"},{"taxonomy":"product_tag","embeddable":true,"href":"https:\/\/prueba.editorialfares.com\/wpcsv\/wp-json\/wp\/v2\/product_tag?post=827"}],"curies":[{"name":"wp","href":"https:\/\/api.w.org\/{rel}","templated":true}]}}