{"id":877,"date":"2017-10-19T02:07:45","date_gmt":"2017-10-19T02:07:45","guid":{"rendered":"http:\/\/localhost\/fares\/?post_type=product&#038;p=877"},"modified":"2023-09-13T01:16:31","modified_gmt":"2023-09-13T01:16:31","slug":"septimo-grado","status":"publish","type":"product","link":"https:\/\/prueba.editorialfares.com\/wpcsv\/producto\/septimo-grado\/","title":{"rendered":""},"content":{"rendered":"<table border=\"0\">\n<tbody>\n<tr>\n<th scope=\"col\" align=\"center\" valign=\"middle\" bgcolor=\"#E5E7EF\" width=\"512\"><strong style=\"font-family: Segoe, 'Segoe UI', 'DejaVu Sans', 'Trebuchet MS', Verdana, sans-serif; text-align: center; font-size: 20px; color: #202a51;\"> Contenidos conceptuales<\/strong><\/th>\n<th scope=\"col\" align=\"center\" valign=\"middle\" bgcolor=\"#ECF6F7\" width=\"513\"><strong style=\"font-family: Segoe, 'Segoe UI', 'DejaVu Sans', 'Trebuchet MS', Verdana, sans-serif; text-align: center; font-size: 20px; color: #202a51;\">Contenidos procedimentales <\/strong><\/th>\n<th scope=\"col\" align=\"center\" valign=\"middle\" bgcolor=\"#FAF2E0\" width=\"513\"><strong style=\"font-family: Segoe, 'Segoe UI', 'DejaVu Sans', 'Trebuchet MS', Verdana, sans-serif; text-align: center; font-size: 20px; color: #202a51;\">Contenidos actitudinales <\/strong><\/th>\n<\/tr>\n<tr>\n<td>\n<ul>\n<li><span style=\"color: #202a51;\">Windows 11 y su sistema operativo<\/span><\/li>\n<li><span style=\"color: #202a51;\">Requisitos m\u00ednimos para instalar Windows 11<\/span><\/li>\n<li><span style=\"color: #202a51;\">Herramienta recortes<\/span><\/li>\n<li><span style=\"color: #202a51;\">Grabaci\u00f3n de acciones de usuario<\/span><\/li>\n<li><span style=\"color: #202a51;\">Fondos del escritorio<\/span><\/li>\n<li><span style=\"color: #202a51;\">Word 2021<\/span><\/li>\n<li><span style=\"color: #202a51;\">Columnas estilo period\u00edstico<\/span><\/li>\n<li><span style=\"color: #202a51;\">Tabulaciones<\/span><\/li>\n<li><span style=\"color: #202a51;\">Formatos de p\u00e1rrafo<\/span><\/li>\n<li><span style=\"color: #202a51;\">SmartArt<\/span><\/li>\n<li><span style=\"color: #202a51;\">Presentaciones<\/span><\/li>\n<li><span style=\"color: #202a51;\">PowerPoint 2021<\/span><\/li>\n<li><span style=\"color: #202a51;\">Trabajando con formas en PowerPoint 2021<\/span><\/li>\n<li><span style=\"color: #202a51;\">Animaciones<\/span><\/li>\n<li><span style=\"color: #202a51;\">Transiciones<\/span><\/li>\n<li><span style=\"color: #202a51;\">Excel 2021<\/span><\/li>\n<li><span style=\"color: #202a51;\">Formato condicional<\/span><\/li>\n<li><span style=\"color: #202a51;\">Formato a n\u00fameros<\/span><\/li>\n<li><span style=\"color: #202a51;\">C\u00e1lculos matem\u00e1ticos en Excel 2021<\/span><\/li>\n<li><span style=\"color: #202a51;\">Gr\u00e1ficos<\/span><\/li>\n<\/ul>\n<\/td>\n<td>\n<ul>\n<li><span style=\"color: #202a51;\">Cambiar nombre de memoria USB.<\/span><\/li>\n<li><span style=\"color: #202a51;\">Formatear memoria USB.<\/span><\/li>\n<li><span style=\"color: #202a51;\">Crear archivos.<\/span><\/li>\n<li><span style=\"color: #202a51;\">Copiar y mover archivos y carpetas.<\/span><\/li>\n<li><span style=\"color: #202a51;\">Aplicar tabulaci\u00f3n desde la regla de Word.<\/span><\/li>\n<li><span style=\"color: #202a51;\">Aplicar vi\u00f1etas mientras se escribe.<\/span><\/li>\n<li><span style=\"color: #202a51;\">Manipular im\u00e1genes en Word 2021.<\/span><\/li>\n<li><span style=\"color: #202a51;\">Ingresar a PowerPoint 2021.<\/span><\/li>\n<li><span style=\"color: #202a51;\">Manipular texto en PowerPoint 2021.<\/span><\/li>\n<li><span style=\"color: #202a51;\">Insertar una forma en PowerPoint 2021.<\/span><\/li>\n<li><span style=\"color: #202a51;\">Aplicar animaciones y transiciones a las presentaciones.<\/span><\/li>\n<li><span style=\"color: #202a51;\">Reproducir la presentaci\u00f3n hasta que se presione Esc.<\/span><\/li>\n<li><span style=\"color: #202a51;\">Representar el valor de una celda en Excel 2021.<\/span><\/li>\n<li><span style=\"color: #202a51;\">Resolver ecuaciones lineales con una variable.<\/span><\/li>\n<\/ul>\n<\/td>\n<td>\n<ul>\n<li><span style=\"color: #202a51;\">Diferencian los sistemas operativos Windows 11 y Windows 10 a trav\u00e9s de pr\u00e1cticas de laboratorio.<\/span><\/li>\n<li><span style=\"color: #202a51;\">Presentar informes, reportes, entre otros, solicitados por el docente con par\u00e1metros utilizando eficazmente las herramientas b\u00e1sicas que incorpora Word 2021 para la creaci\u00f3n de documentos y poder compartirlos con los dem\u00e1s.<\/span><\/li>\n<li><span style=\"color: #202a51;\">Resaltar la importancia que tiene PowerPoint 2021 para la presentaci\u00f3n de diapositivas con fines educativos y laborales.<\/span><\/li>\n<li><span style=\"color: #202a51;\">Representar los valores de una celda utilizando colores o gr\u00e1ficos que se vuelvan m\u00e1s f\u00e1ciles de interpretar en Excel 2021.<\/span><\/li>\n<li><span style=\"color: #202a51;\">Disposici\u00f3n al trabajo.<\/span><\/li>\n<li><span style=\"color: #202a51;\">Respeto a normas de convivencia.<\/span><\/li>\n<\/ul>\n<\/td>\n<\/tr>\n<\/tbody>\n<\/table>\n","protected":false},"excerpt":{"rendered":"<p><strong style=\"font-family: Segoe, 'Segoe UI', 'DejaVu Sans', 'Trebuchet MS', Verdana, sans-serif; font-size: 20px;\">Programas<\/strong><\/p>\n<ul>\n<li>Windows 11<\/li>\n<li>Word 2021<\/li>\n<li>PowerPoint 2021<\/li>\n<li>Excel 2021<\/li>\n<\/ul>\n<p>&nbsp;<\/p>\n<p><strong style=\"font-family: Segoe, 'Segoe UI', 'DejaVu Sans', 'Trebuchet MS', Verdana, sans-serif; font-size: 20px;\">Unidades en que se divide el libro<\/strong><\/p>\n<ul>\n<li>Unidad did\u00e1ctica 1: <strong>Conociendo las novedades de Windows 11<\/strong><\/li>\n<li>Unidad did\u00e1ctica 2: <strong>Aplicando formatos a documentos nuevos en Word 2021<\/strong><\/li>\n<li>Unidad did\u00e1ctica 3: <strong>Trabajando presentaciones en PowerPoint 2021<\/strong><\/li>\n<li>Unidad did\u00e1ctica 4: <strong>Creando tablas con formatos para c\u00e1lculos matem\u00e1ticos en Excel 2021<\/strong><\/li>\n<\/ul>\n<p>&nbsp;<\/p>\n","protected":false},"featured_media":1519,"comment_status":"open","ping_status":"closed","template":"","meta":{"pagelayer_contact_templates":[],"_pagelayer_content":""},"product_brand":[],"product_cat":[43,20,49,44,19],"product_tag":[],"class_list":{"0":"post-877","1":"product","2":"type-product","3":"status-publish","4":"has-post-thumbnail","6":"product_cat-educacion-basica","7":"product_cat-todos","8":"product_cat-bookslider","9":"product_cat-computacion","10":"product_cat-nuevas-publicaciones","12":"first","13":"instock","14":"shipping-taxable","15":"product-type-simple"},"_links":{"self":[{"href":"https:\/\/prueba.editorialfares.com\/wpcsv\/wp-json\/wp\/v2\/product\/877","targetHints":{"allow":["GET"]}}],"collection":[{"href":"https:\/\/prueba.editorialfares.com\/wpcsv\/wp-json\/wp\/v2\/product"}],"about":[{"href":"https:\/\/prueba.editorialfares.com\/wpcsv\/wp-json\/wp\/v2\/types\/product"}],"replies":[{"embeddable":true,"href":"https:\/\/prueba.editorialfares.com\/wpcsv\/wp-json\/wp\/v2\/comments?post=877"}],"wp:featuredmedia":[{"embeddable":true,"href":"https:\/\/prueba.editorialfares.com\/wpcsv\/wp-json\/wp\/v2\/media\/1519"}],"wp:attachment":[{"href":"https:\/\/prueba.editorialfares.com\/wpcsv\/wp-json\/wp\/v2\/media?parent=877"}],"wp:term":[{"taxonomy":"product_brand","embeddable":true,"href":"https:\/\/prueba.editorialfares.com\/wpcsv\/wp-json\/wp\/v2\/product_brand?post=877"},{"taxonomy":"product_cat","embeddable":true,"href":"https:\/\/prueba.editorialfares.com\/wpcsv\/wp-json\/wp\/v2\/product_cat?post=877"},{"taxonomy":"product_tag","embeddable":true,"href":"https:\/\/prueba.editorialfares.com\/wpcsv\/wp-json\/wp\/v2\/product_tag?post=877"}],"curies":[{"name":"wp","href":"https:\/\/api.w.org\/{rel}","templated":true}]}}