{"id":881,"date":"2017-10-19T21:35:58","date_gmt":"2017-10-19T21:35:58","guid":{"rendered":"http:\/\/localhost\/fares\/?post_type=product&#038;p=881"},"modified":"2025-04-03T16:34:58","modified_gmt":"2025-04-03T16:34:58","slug":"octavo-grado","status":"publish","type":"product","link":"https:\/\/prueba.editorialfares.com\/wpcsv\/producto\/octavo-grado\/","title":{"rendered":""},"content":{"rendered":"<table border=\"0\">\n<tbody>\n<tr>\n<th scope=\"col\" align=\"center\" valign=\"middle\" bgcolor=\"#E5E7EF\" width=\"512\"><strong style=\"font-family: Segoe, 'Segoe UI', 'DejaVu Sans', 'Trebuchet MS', Verdana, sans-serif; text-align: center; font-size: 20px; color: #202a51;\"> Contenidos conceptuales<\/strong><\/th>\n<th scope=\"col\" align=\"center\" valign=\"middle\" bgcolor=\"#ECF6F7\" width=\"513\"><strong style=\"font-family: Segoe, 'Segoe UI', 'DejaVu Sans', 'Trebuchet MS', Verdana, sans-serif; text-align: center; font-size: 20px; color: #202a51;\">Contenidos procedimentales <\/strong><\/th>\n<th scope=\"col\" align=\"center\" valign=\"middle\" bgcolor=\"#FAF2E0\" width=\"513\"><strong style=\"font-family: Segoe, 'Segoe UI', 'DejaVu Sans', 'Trebuchet MS', Verdana, sans-serif; text-align: center; font-size: 20px; color: #202a51;\">Contenidos actitudinales <\/strong><\/th>\n<\/tr>\n<tr>\n<td>\n<ul>\n<li><span style=\"color: #202a51;\">Word 2021<\/span><\/li>\n<li><span style=\"color: #202a51;\">Portadas<\/span><\/li>\n<li><span style=\"color: #202a51;\">Control de cambios en un documento<\/span><\/li>\n<li><span style=\"color: #202a51;\">Comentarios<\/span><\/li>\n<li><span style=\"color: #202a51;\">Gr\u00e1ficos<\/span><\/li>\n<li><span style=\"color: #202a51;\">Recortes de pantalla<\/span><\/li>\n<li><span style=\"color: #202a51;\">Macros<\/span><\/li>\n<li><span style=\"color: #202a51;\">Salto de secciones<\/span><\/li>\n<li><span style=\"color: #202a51;\">Estilos de Word 2021<\/span><\/li>\n<li><span style=\"color: #202a51;\">Encabezado y pie de p\u00e1gina<\/span><\/li>\n<li><span style=\"color: #202a51;\">Autotexto<\/span><\/li>\n<li><span style=\"color: #202a51;\">Hiperv\u00ednculos y Marcadores<\/span><\/li>\n<li><span style=\"color: #202a51;\">Dibujar tablas<\/span><\/li>\n<li><span style=\"color: #202a51;\">Publisher 2021<\/span><\/li>\n<li><span style=\"color: #202a51;\">Manipular texto<\/span><\/li>\n<li><span style=\"color: #202a51;\">Gu\u00edas de dise\u00f1o<\/span><\/li>\n<li><span style=\"color: #202a51;\">Folletos<\/span><\/li>\n<li><span style=\"color: #202a51;\">Cat\u00e1logo<\/span><\/li>\n<li><span style=\"color: #202a51;\">Tarjeta de presentaci\u00f3n<\/span><\/li>\n<li><span style=\"color: #202a51;\">Diploma<\/span><\/li>\n<li><span style=\"color: #202a51;\">Banner<\/span><\/li>\n<li><span style=\"color: #202a51;\">Calendarios<\/span><\/li>\n<li><span style=\"color: #202a51;\">WYSIWYG Web Builder 18.1<\/span><\/li>\n<li><span style=\"color: #202a51;\">Men\u00fas<\/span><\/li>\n<li><span style=\"color: #202a51;\">Dise\u00f1o web responsive<\/span><\/li>\n<\/ul>\n<\/td>\n<td>\n<ul>\n<li><span style=\"color: #202a51;\">Crear portadas en Word.<\/span><\/li>\n<li><span style=\"color: #202a51;\">Activar control de cambios.<\/span><\/li>\n<li><span style=\"color: #202a51;\">Responder y eliminar comentarios en los documentos de Word 2021.<\/span><\/li>\n<li><span style=\"color: #202a51;\">Combinar correspondencia en los documentos.<\/span><\/li>\n<li><span style=\"color: #202a51;\">Modificar los datos del gr\u00e1fico.<\/span><\/li>\n<li><span style=\"color: #202a51;\">Cambiar el tipo de gr\u00e1fico.<\/span><\/li>\n<li><span style=\"color: #202a51;\">Ejecutar macro desde el bot\u00f3n.<\/span><\/li>\n<li><span style=\"color: #202a51;\">Ejecutar macro desde ventana de macros.<\/span><\/li>\n<li><span style=\"color: #202a51;\">Imprimir secciones.<\/span><\/li>\n<li><span style=\"color: #202a51;\">Crear estilos personalizados en Word 2021.<\/span><\/li>\n<li><span style=\"color: #202a51;\">Crear encabezados y pie de p\u00e1gina.<\/span><\/li>\n<li><span style=\"color: #202a51;\">Dise\u00f1ar d\u00edpticos, tr\u00edpticos, cat\u00e1logos, tarjetas de presentaci\u00f3n, diplomas, banner y calendarios.<\/span><\/li>\n<li><span style=\"color: #202a51;\">Crear un sitio web.<\/span><\/li>\n<li><span style=\"color: #202a51;\">Ingresar texto.<\/span><\/li>\n<li><span style=\"color: #202a51;\">Trabajar con im\u00e1genes.<\/span><\/li>\n<li><span style=\"color: #202a51;\">Agregar o eliminar im\u00e1genes del objeto imagen acorde\u00f3n.<\/span><\/li>\n<\/ul>\n<\/td>\n<td>\n<ul>\n<li><span style=\"color: #202a51;\">Conocimiento de los comandos que tiene Word 2021 para facilitar la creaci\u00f3n de documentos ejecutivos y profesionales a nivel avanzado.<\/span><\/li>\n<li><span style=\"color: #202a51;\">Valorar y usar Publisher 2021 como herramienta de autoedici\u00f3n en los dise\u00f1os con plantillas prestablecidas.<\/span><\/li>\n<li><span style=\"color: #202a51;\">Muestran inter\u00e9s en la creaci\u00f3n de p\u00e1ginas y sitios web utilizando WYSIWYG Web Builder sin tener conocimientos previos de programaci\u00f3n.<\/span><\/li>\n<li><span style=\"color: #202a51;\">Integrarse en la socializaci\u00f3n de t\u00f3picos para trabajar de forma colectiva y realizar las actividades de aprendizaje de cada unidad did\u00e1ctica.<\/span><\/li>\n<li><span style=\"color: #202a51;\">Desarrollo de autoevaluaciones.<\/span><\/li>\n<li><span style=\"color: #202a51;\">Disposici\u00f3n al trabajo en equipos.<\/span><\/li>\n<li><span style=\"color: #202a51;\">Respeto a normas de convivencia.<\/span><\/li>\n<\/ul>\n<\/td>\n<\/tr>\n<\/tbody>\n<\/table>\n","protected":false},"excerpt":{"rendered":"<p><strong style=\"font-family: Segoe, 'Segoe UI', 'DejaVu Sans', 'Trebuchet MS', Verdana, sans-serif; font-size: 20px;\">Programas<\/strong><\/p>\n<ul>\n<li>Word 2021<\/li>\n<li>Publisher 2021<\/li>\n<li>WYSIWYG Web Builder 18.3<\/li>\n<\/ul>\n<p>&nbsp;<\/p>\n<p><strong style=\"font-family: Segoe, 'Segoe UI', 'DejaVu Sans', 'Trebuchet MS', Verdana, sans-serif; font-size: 20px;\">Unidades en que se divide el libro<\/strong><\/p>\n<ul>\n<li>Unidad did\u00e1ctica 1: <strong>Trabajando documentos a nivel avanzado en Word 2021<\/strong><\/li>\n<li>Unidad did\u00e1ctica 2: <strong>Dise\u00f1ando en Publisher 2021<\/strong><\/li>\n<li>Unidad did\u00e1ctica 3: <strong>Creando sitios y p\u00e1ginas web con WYSIWYG Web Builder 18.3<\/strong><\/li>\n<\/ul>\n<p>&nbsp;<\/p>\n","protected":false},"featured_media":1530,"comment_status":"open","ping_status":"closed","template":"","meta":{"pagelayer_contact_templates":[],"_pagelayer_content":""},"product_brand":[],"product_cat":[43,20,49,44,19],"product_tag":[],"class_list":{"0":"post-881","1":"product","2":"type-product","3":"status-publish","4":"has-post-thumbnail","6":"product_cat-educacion-basica","7":"product_cat-todos","8":"product_cat-bookslider","9":"product_cat-computacion","10":"product_cat-nuevas-publicaciones","12":"first","13":"instock","14":"shipping-taxable","15":"product-type-simple"},"_links":{"self":[{"href":"https:\/\/prueba.editorialfares.com\/wpcsv\/wp-json\/wp\/v2\/product\/881","targetHints":{"allow":["GET"]}}],"collection":[{"href":"https:\/\/prueba.editorialfares.com\/wpcsv\/wp-json\/wp\/v2\/product"}],"about":[{"href":"https:\/\/prueba.editorialfares.com\/wpcsv\/wp-json\/wp\/v2\/types\/product"}],"replies":[{"embeddable":true,"href":"https:\/\/prueba.editorialfares.com\/wpcsv\/wp-json\/wp\/v2\/comments?post=881"}],"wp:featuredmedia":[{"embeddable":true,"href":"https:\/\/prueba.editorialfares.com\/wpcsv\/wp-json\/wp\/v2\/media\/1530"}],"wp:attachment":[{"href":"https:\/\/prueba.editorialfares.com\/wpcsv\/wp-json\/wp\/v2\/media?parent=881"}],"wp:term":[{"taxonomy":"product_brand","embeddable":true,"href":"https:\/\/prueba.editorialfares.com\/wpcsv\/wp-json\/wp\/v2\/product_brand?post=881"},{"taxonomy":"product_cat","embeddable":true,"href":"https:\/\/prueba.editorialfares.com\/wpcsv\/wp-json\/wp\/v2\/product_cat?post=881"},{"taxonomy":"product_tag","embeddable":true,"href":"https:\/\/prueba.editorialfares.com\/wpcsv\/wp-json\/wp\/v2\/product_tag?post=881"}],"curies":[{"name":"wp","href":"https:\/\/api.w.org\/{rel}","templated":true}]}}