{"id":901,"date":"2017-10-19T22:12:33","date_gmt":"2017-10-19T22:12:33","guid":{"rendered":"http:\/\/localhost\/fares\/?post_type=product&#038;p=901"},"modified":"2025-06-29T01:46:33","modified_gmt":"2025-06-29T01:46:33","slug":"laboratorio-de-informatica-iii-y-iv","status":"publish","type":"product","link":"https:\/\/prueba.editorialfares.com\/wpcsv\/producto\/laboratorio-de-informatica-iii-y-iv\/","title":{"rendered":""},"content":{"rendered":"<table border=\"0\">\n<tbody>\n<tr>\n<th scope=\"col\" align=\"center\" valign=\"middle\" bgcolor=\"#E5E7EF\" width=\"512\"><strong style=\"font-family: Segoe, 'Segoe UI', 'DejaVu Sans', 'Trebuchet MS', Verdana, sans-serif; text-align: center; font-size: 20px; color: #202a51;\"> Contenidos conceptuales<\/strong><\/th>\n<th scope=\"col\" align=\"center\" valign=\"middle\" bgcolor=\"#ECF6F7\" width=\"513\"><strong style=\"font-family: Segoe, 'Segoe UI', 'DejaVu Sans', 'Trebuchet MS', Verdana, sans-serif; text-align: center; font-size: 20px; color: #202a51;\">Contenidos procedimentales <\/strong><\/th>\n<th scope=\"col\" align=\"center\" valign=\"middle\" bgcolor=\"#FAF2E0\" width=\"513\"><strong style=\"font-family: Segoe, 'Segoe UI', 'DejaVu Sans', 'Trebuchet MS', Verdana, sans-serif; text-align: center; font-size: 20px; color: #202a51;\">Contenidos actitudinales <\/strong><\/th>\n<\/tr>\n<tr>\n<td>\n<ul>\n<li><span style=\"color: #202a51;\">Dise\u00f1o gr\u00e1fico<\/span><\/li>\n<li><span style=\"color: #202a51;\">Teor\u00eda del color<\/span><\/li>\n<li><span style=\"color: #202a51;\">Imagen vectorial<\/span><\/li>\n<li><span style=\"color: #202a51;\">CorelDRAW Graphics Suite 2021<\/span><\/li>\n<li><span style=\"color: #202a51;\">PowerClip<\/span><\/li>\n<li><span style=\"color: #202a51;\">Medios art\u00edsticos<\/span><\/li>\n<li><span style=\"color: #202a51;\">Dibujos sim\u00e9tricos<\/span><\/li>\n<li><span style=\"color: #202a51;\">Adobe Illustrator CC 2021<\/span><\/li>\n<li><span style=\"color: #202a51;\">Gr\u00e1ficos vectoriales<\/span><\/li>\n<li><span style=\"color: #202a51;\">Texto<\/span><\/li>\n<li><span style=\"color: #202a51;\">Efectos<\/span><\/li>\n<li><span style=\"color: #202a51;\">Motivos geom\u00e9tricos uniformes<\/span><\/li>\n<li><span style=\"color: #202a51;\">Cuadr\u00edcula de perspectiva<\/span><\/li>\n<li><span style=\"color: #202a51;\">Calco de im\u00e1genes<\/span><\/li>\n<li><span style=\"color: #202a51;\">Adobe Photoshop CC 2021<\/span><\/li>\n<li><span style=\"color: #202a51;\">Texto<\/span><\/li>\n<li><span style=\"color: #202a51;\">Estilos de capa<\/span><\/li>\n<li><span style=\"color: #202a51;\">Herramienta de selecci\u00f3n<\/span><\/li>\n<li><span style=\"color: #202a51;\">Im\u00e1genes inteligentes<\/span><\/li>\n<li><span style=\"color: #202a51;\">Deformaci\u00f3n de perspectiva<\/span><\/li>\n<li><span style=\"color: #202a51;\">Filtros<\/span><\/li>\n<li><span style=\"color: #202a51;\">M\u00e1scara de capa<\/span><\/li>\n<li><span style=\"color: #202a51;\">Efectos 3D<\/span><\/li>\n<li><span style=\"color: #202a51;\">Adobe Audition CC 2021<\/span><\/li>\n<li><span style=\"color: #202a51;\">Entorno de trabajo de Adobe Audition 2021<\/span><\/li>\n<li><span style=\"color: #202a51;\">Editor multipista<\/span><\/li>\n<\/ul>\n<\/td>\n<td>\n<ul>\n<li><span style=\"color: #202a51;\">Crear nuevo archivo de CorelDRAW 2021.<\/span><\/li>\n<li><span style=\"color: #202a51;\">Crear elipse, sector o arco.<\/span><\/li>\n<li><span style=\"color: #202a51;\">Convertir un objeto de forma en objeto de curva.<\/span><\/li>\n<li><span style=\"color: #202a51;\">Crear marco de texto a partir de un objeto.<\/span><\/li>\n<li><span style=\"color: #202a51;\">Mezclar objetos.<\/span><\/li>\n<li><span style=\"color: #202a51;\">Crear formas personalizadas en Adobe Illustrator 2021.<\/span><\/li>\n<li><span style=\"color: #202a51;\">Adaptar texto a la forma de un objeto.<\/span><\/li>\n<li><span style=\"color: #202a51;\">Crear objetos repetidos.<\/span><\/li>\n<li><span style=\"color: #202a51;\">Activar cuadr\u00edcula de perspectiva.<\/span><\/li>\n<li><span style=\"color: #202a51;\">Colocar objetos en perspectiva.<\/span><\/li>\n<li><span style=\"color: #202a51;\">Crear un nuevo archivo en Adobe Photoshop 2022.<\/span><\/li>\n<li><span style=\"color: #202a51;\">Crear v\u00eddeos.<\/span><\/li>\n<li><span style=\"color: #202a51;\">Abrir uno o m\u00e1s archivos de audio utilizando Adobe Audition 2021.<\/span><\/li>\n<li><span style=\"color: #202a51;\">Hacer zoom en el audio.<\/span><\/li>\n<li><span style=\"color: #202a51;\">Crear sesi\u00f3n multipista.<\/span><\/li>\n<li><span style=\"color: #202a51;\">Manipular archivos de audio.<\/span><\/li>\n<\/ul>\n<\/td>\n<td>\n<ul>\n<li><span style=\"color: #202a51;\">Disposici\u00f3n de realizar dise\u00f1os creativos de forma que se puedan exportar a formato SVG a trav\u00e9s de CorelDRAW 2021.<\/span><\/li>\n<li><span style=\"color: #202a51;\">Apreciar Adobe Illustrator 2021 para crear dise\u00f1os seleccionando las herramientas precisas de forma colectiva.<\/span><\/li>\n<li><span style=\"color: #202a51;\">Valoraci\u00f3n de Adobe Photoshop 2021 utilizado para el retoque de fotograf\u00edas y gr\u00e1ficos.<\/span><\/li>\n<li><span style=\"color: #202a51;\">Realizaci\u00f3n de las estrategias de aprendizaje.<\/span><\/li>\n<li><span style=\"color: #202a51;\">Disposici\u00f3n al trabajo en equipo.<\/span><\/li>\n<li><span style=\"color: #202a51;\">Respeto a normas de convivencia.<\/span><\/li>\n<li><span style=\"color: #202a51;\">Creatividad.<\/span><\/li>\n<li><span style=\"color: #202a51;\">Utilizaci\u00f3n de la imaginaci\u00f3n para dise\u00f1ar.<\/span><\/li>\n<\/ul>\n<\/td>\n<\/tr>\n<\/tbody>\n<\/table>\n","protected":false},"excerpt":{"rendered":"<p><strong style=\"font-family: Segoe, 'Segoe UI', 'DejaVu Sans', 'Trebuchet MS', Verdana, sans-serif; font-size: 20px;\">Programas<\/strong><\/p>\n<ul>\n<li>CorelDRAW 2021<\/li>\n<li>Adobe Illustrator 2021<\/li>\n<li>Adobe Photoshop 2021<\/li>\n<\/ul>\n<p>&nbsp;<\/p>\n<p><strong style=\"font-family: Segoe, 'Segoe UI', 'DejaVu Sans', 'Trebuchet MS', Verdana, sans-serif; font-size: 20px;\">Unidades en que se divide el libro<\/strong><\/p>\n<ul>\n<li>Unidad did\u00e1ctica 1: <strong>CorelDRAW Graphics Suite 2021<\/strong><\/li>\n<li>Unidad did\u00e1ctica 2: <strong>Adobe Illustrator CC 2021 <\/strong><\/li>\n<li>Unidad did\u00e1ctica 3: <strong>Adobe Photoshop CC 2021<\/strong><\/li>\n<\/ul>\n<p>&nbsp;<\/p>\n","protected":false},"featured_media":1568,"comment_status":"open","ping_status":"closed","template":"","meta":{"pagelayer_contact_templates":[],"_pagelayer_content":""},"product_brand":[],"product_cat":[29,20,49,51,19],"product_tag":[],"class_list":{"0":"post-901","1":"product","2":"type-product","3":"status-publish","4":"has-post-thumbnail","6":"product_cat-iii-bachillerato-tecnico-profesional-en-informatica","7":"product_cat-todos","8":"product_cat-bookslider","9":"product_cat-diseno","10":"product_cat-nuevas-publicaciones","12":"first","13":"instock","14":"shipping-taxable","15":"product-type-simple"},"_links":{"self":[{"href":"https:\/\/prueba.editorialfares.com\/wpcsv\/wp-json\/wp\/v2\/product\/901","targetHints":{"allow":["GET"]}}],"collection":[{"href":"https:\/\/prueba.editorialfares.com\/wpcsv\/wp-json\/wp\/v2\/product"}],"about":[{"href":"https:\/\/prueba.editorialfares.com\/wpcsv\/wp-json\/wp\/v2\/types\/product"}],"replies":[{"embeddable":true,"href":"https:\/\/prueba.editorialfares.com\/wpcsv\/wp-json\/wp\/v2\/comments?post=901"}],"wp:featuredmedia":[{"embeddable":true,"href":"https:\/\/prueba.editorialfares.com\/wpcsv\/wp-json\/wp\/v2\/media\/1568"}],"wp:attachment":[{"href":"https:\/\/prueba.editorialfares.com\/wpcsv\/wp-json\/wp\/v2\/media?parent=901"}],"wp:term":[{"taxonomy":"product_brand","embeddable":true,"href":"https:\/\/prueba.editorialfares.com\/wpcsv\/wp-json\/wp\/v2\/product_brand?post=901"},{"taxonomy":"product_cat","embeddable":true,"href":"https:\/\/prueba.editorialfares.com\/wpcsv\/wp-json\/wp\/v2\/product_cat?post=901"},{"taxonomy":"product_tag","embeddable":true,"href":"https:\/\/prueba.editorialfares.com\/wpcsv\/wp-json\/wp\/v2\/product_tag?post=901"}],"curies":[{"name":"wp","href":"https:\/\/api.w.org\/{rel}","templated":true}]}}