{"id":903,"date":"2017-10-19T22:15:09","date_gmt":"2017-10-19T22:15:09","guid":{"rendered":"http:\/\/localhost\/fares\/?post_type=product&#038;p=903"},"modified":"2023-09-13T01:25:47","modified_gmt":"2023-09-13T01:25:47","slug":"programacion-iii-y-iv-con-enfoque-a-visual-basic-net-2017","status":"publish","type":"product","link":"https:\/\/prueba.editorialfares.com\/wpcsv\/producto\/programacion-iii-y-iv-con-enfoque-a-visual-basic-net-2017\/","title":{"rendered":""},"content":{"rendered":"<table border=\"0\">\n<tbody>\n<tr>\n<th scope=\"col\" align=\"center\" valign=\"middle\" bgcolor=\"#E5E7EF\" width=\"512\"><strong style=\"font-family: Segoe, 'Segoe UI', 'DejaVu Sans', 'Trebuchet MS', Verdana, sans-serif; text-align: center; font-size: 20px; color: #202a51;\"> Contenidos conceptuales<\/strong><\/th>\n<th scope=\"col\" align=\"center\" valign=\"middle\" bgcolor=\"#ECF6F7\" width=\"513\"><strong style=\"font-family: Segoe, 'Segoe UI', 'DejaVu Sans', 'Trebuchet MS', Verdana, sans-serif; text-align: center; font-size: 20px; color: #202a51;\">Contenidos procedimentales <\/strong><\/th>\n<th scope=\"col\" align=\"center\" valign=\"middle\" bgcolor=\"#FAF2E0\" width=\"513\"><strong style=\"font-family: Segoe, 'Segoe UI', 'DejaVu Sans', 'Trebuchet MS', Verdana, sans-serif; text-align: center; font-size: 20px; color: #202a51;\">Contenidos actitudinales <\/strong><\/th>\n<\/tr>\n<tr>\n<td>\n<ul>\n<li><span style=\"color: #202a51;\">Base de datos<\/span><\/li>\n<li><span style=\"color: #202a51;\">MySQL<\/span><\/li>\n<li><span style=\"color: #202a51;\">Comandos para la administraci\u00f3n de base de datos<\/span><\/li>\n<li><span style=\"color: #202a51;\">Consultas de acci\u00f3n o modificaci\u00f3n de datos<\/span><\/li>\n<li><span style=\"color: #202a51;\">Consultas de selecci\u00f3n<\/span><\/li>\n<li><span style=\"color: #202a51;\">Trigger o disparador<\/span><\/li>\n<li><span style=\"color: #202a51;\">ADO.NET<\/span><\/li>\n<li><span style=\"color: #202a51;\">Aplicaci\u00f3n de almacenar datos en una tabla<\/span><\/li>\n<li><span style=\"color: #202a51;\">Validaci\u00f3n de datos<\/span><\/li>\n<li><span style=\"color: #202a51;\">Programaci\u00f3n orientada a objetos<\/span><\/li>\n<li><span style=\"color: #202a51;\">Los objetos<\/span><\/li>\n<li><span style=\"color: #202a51;\">Clases derivadas<\/span><\/li>\n<li><span style=\"color: #202a51;\">Sistema de facturaci\u00f3n<\/span><\/li>\n<li><span style=\"color: #202a51;\">Reportes formularios MDI<\/span><\/li>\n<li><span style=\"color: #202a51;\">DevExpress<\/span><\/li>\n<li><span style=\"color: #202a51;\">GridControl<\/span><\/li>\n<li><span style=\"color: #202a51;\">Permisos de ingreso al sistema<\/span><\/li>\n<\/ul>\n<\/td>\n<td>\n<ul>\n<li><span style=\"color: #202a51;\">Ejemplificar las consultas de acci\u00f3n o modificaci\u00f3n de datos.<\/span><\/li>\n<li><span style=\"color: #202a51;\">Enlazar Visual Basic 2017 con MySQL.<\/span><\/li>\n<li><span style=\"color: #202a51;\">Consultar y modificar datos.<\/span><\/li>\n<li><span style=\"color: #202a51;\">Crear clases y objetos.<\/span><\/li>\n<li><span style=\"color: #202a51;\">Pasar datos de un formulario a otro.<\/span><\/li>\n<li><span style=\"color: #202a51;\">Agregar columnas a un control\u00a0DataGridView.<\/span><\/li>\n<li><span style=\"color: #202a51;\">Personalizar el men\u00fa desplegable.<\/span><\/li>\n<li><span style=\"color: #202a51;\">Personalizar la barra de herramientas.<\/span><\/li>\n<li><span style=\"color: #202a51;\">Programar en capas.<\/span><\/li>\n<li><span style=\"color: #202a51;\">Crear capa entidad y capa de datos.<\/span><\/li>\n<li><span style=\"color: #202a51;\">Agregar un nuevo formulario.<\/span><\/li>\n<li><span style=\"color: #202a51;\">Crear dataset.<\/span><\/li>\n<li><span style=\"color: #202a51;\">Cargar datos maestro detalle.<\/span><\/li>\n<\/ul>\n<\/td>\n<td>\n<ul>\n<li><span style=\"color: #202a51;\">Fundamenta la importancia de manejar base de datos en MySQL.<\/span><\/li>\n<li><span style=\"color: #202a51;\">Asume nuevas actitudes de aceptaci\u00f3n al momento de programar utilizando Visual Basic .Net 2017.<\/span><\/li>\n<li><span style=\"color: #202a51;\">Valoraci\u00f3n sobre la utilizaci\u00f3n de la programaci\u00f3n orientada a objetos que facilita la creaci\u00f3n de software de calidad.<\/span><\/li>\n<li><span style=\"color: #202a51;\">Caracterizaci\u00f3n de trabajar en capas separando la l\u00f3gica de programaci\u00f3n de la l\u00f3gica de dise\u00f1o en la pr\u00e1ctica de ejercicios.<\/span><\/li>\n<li><span style=\"color: #202a51;\">Realizaci\u00f3n de las estrategias de aprendizaje.<\/span><\/li>\n<li><span style=\"color: #202a51;\">Disposici\u00f3n al trabajo en equipo.<\/span><\/li>\n<li><span style=\"color: #202a51;\">Respeto a normas de convivencia.<\/span><\/li>\n<li><span style=\"color: #202a51;\">Creatividad.<\/span><\/li>\n<li><span style=\"color: #202a51;\">Utilizaci\u00f3n de la l\u00f3gica.<\/span><\/li>\n<\/ul>\n<\/td>\n<\/tr>\n<\/tbody>\n<\/table>\n","protected":false},"excerpt":{"rendered":"<p><strong style=\"font-family: Segoe, 'Segoe UI', 'DejaVu Sans', 'Trebuchet MS', Verdana, sans-serif; font-size: 20px;\">Programas<\/strong><\/p>\n<ul>\n<li>MySQL<\/li>\n<li>Visual Basic .Net 2017<\/li>\n<\/ul>\n<p>&nbsp;<\/p>\n<p><strong style=\"font-family: Segoe, 'Segoe UI', 'DejaVu Sans', 'Trebuchet MS', Verdana, sans-serif; font-size: 20px;\">Unidades en que se divide el libro<\/strong><\/p>\n<ul>\n<li>Unidad did\u00e1ctica 1: <strong>Entorno y manejo de base de datos<\/strong><\/li>\n<li>Unidad did\u00e1ctica 2: <strong>Conexi\u00f3n Visual Basic .Net con MySQL<\/strong><\/li>\n<li>Unidad did\u00e1ctica 3: <strong>Programaci\u00f3n orientada a objetos<\/strong><\/li>\n<li>Unidad did\u00e1ctica 4: <strong>Programar en capas<\/strong><\/li>\n<\/ul>\n<p>&nbsp;<\/p>\n","protected":false},"featured_media":1007,"comment_status":"open","ping_status":"closed","template":"","meta":{"pagelayer_contact_templates":[],"_pagelayer_content":""},"product_brand":[],"product_cat":[29,20,49,45],"product_tag":[],"class_list":{"0":"post-903","1":"product","2":"type-product","3":"status-publish","4":"has-post-thumbnail","6":"product_cat-iii-bachillerato-tecnico-profesional-en-informatica","7":"product_cat-todos","8":"product_cat-bookslider","9":"product_cat-programacion","11":"first","12":"instock","13":"shipping-taxable","14":"product-type-simple"},"_links":{"self":[{"href":"https:\/\/prueba.editorialfares.com\/wpcsv\/wp-json\/wp\/v2\/product\/903","targetHints":{"allow":["GET"]}}],"collection":[{"href":"https:\/\/prueba.editorialfares.com\/wpcsv\/wp-json\/wp\/v2\/product"}],"about":[{"href":"https:\/\/prueba.editorialfares.com\/wpcsv\/wp-json\/wp\/v2\/types\/product"}],"replies":[{"embeddable":true,"href":"https:\/\/prueba.editorialfares.com\/wpcsv\/wp-json\/wp\/v2\/comments?post=903"}],"wp:featuredmedia":[{"embeddable":true,"href":"https:\/\/prueba.editorialfares.com\/wpcsv\/wp-json\/wp\/v2\/media\/1007"}],"wp:attachment":[{"href":"https:\/\/prueba.editorialfares.com\/wpcsv\/wp-json\/wp\/v2\/media?parent=903"}],"wp:term":[{"taxonomy":"product_brand","embeddable":true,"href":"https:\/\/prueba.editorialfares.com\/wpcsv\/wp-json\/wp\/v2\/product_brand?post=903"},{"taxonomy":"product_cat","embeddable":true,"href":"https:\/\/prueba.editorialfares.com\/wpcsv\/wp-json\/wp\/v2\/product_cat?post=903"},{"taxonomy":"product_tag","embeddable":true,"href":"https:\/\/prueba.editorialfares.com\/wpcsv\/wp-json\/wp\/v2\/product_tag?post=903"}],"curies":[{"name":"wp","href":"https:\/\/api.w.org\/{rel}","templated":true}]}}