{"id":906,"date":"2017-10-19T22:25:10","date_gmt":"2017-10-19T22:25:10","guid":{"rendered":"http:\/\/localhost\/fares\/?post_type=product&#038;p=906"},"modified":"2025-06-29T01:46:58","modified_gmt":"2025-06-29T01:46:58","slug":"mantenimiento-y-reparacion-i-y-ii","status":"publish","type":"product","link":"https:\/\/prueba.editorialfares.com\/wpcsv\/producto\/mantenimiento-y-reparacion-i-y-ii\/","title":{"rendered":""},"content":{"rendered":"<table border=\"0\">\n<tbody>\n<tr>\n<th scope=\"col\" align=\"center\" valign=\"middle\" bgcolor=\"#E5E7EF\" width=\"512\"><strong style=\"font-family: Segoe, 'Segoe UI', 'DejaVu Sans', 'Trebuchet MS', Verdana, sans-serif; text-align: center; font-size: 20px; color: #202a51;\"> Contenidos conceptuales<\/strong><\/th>\n<th scope=\"col\" align=\"center\" valign=\"middle\" bgcolor=\"#ECF6F7\" width=\"513\"><strong style=\"font-family: Segoe, 'Segoe UI', 'DejaVu Sans', 'Trebuchet MS', Verdana, sans-serif; text-align: center; font-size: 20px; color: #202a51;\">Contenidos procedimentales <\/strong><\/th>\n<th scope=\"col\" align=\"center\" valign=\"middle\" bgcolor=\"#FAF2E0\" width=\"513\"><strong style=\"font-family: Segoe, 'Segoe UI', 'DejaVu Sans', 'Trebuchet MS', Verdana, sans-serif; text-align: center; font-size: 20px; color: #202a51;\">Contenidos actitudinales <\/strong><\/th>\n<\/tr>\n<tr>\n<td>\n<ul>\n<li><span style=\"color: #202a51;\">La electricidad<\/span><\/li>\n<li><span style=\"color: #202a51;\">Tarjeta madre<\/span><\/li>\n<li><span style=\"color: #202a51;\">Tarjetas de expansi\u00f3n<\/span><\/li>\n<li><span style=\"color: #202a51;\">Procesador<\/span><\/li>\n<li><span style=\"color: #202a51;\">Memoria RAM y ROM<\/span><\/li>\n<li><span style=\"color: #202a51;\">Case<\/span><\/li>\n<li><span style=\"color: #202a51;\">Perif\u00e9ricos de entrada \/ salida<\/span><\/li>\n<li><span style=\"color: #202a51;\">Disco duro<\/span><\/li>\n<li><span style=\"color: #202a51;\">Dispositivos de almacenamiento \u00f3ptico<\/span><\/li>\n<li><span style=\"color: #202a51;\">Procedimientos necesarios para la instalaci\u00f3n y traslado del equipo<\/span><\/li>\n<li><span style=\"color: #202a51;\">Archivos ISO<\/span><\/li>\n<li><span style=\"color: #202a51;\">M\u00e1quinas virtuales<\/span><\/li>\n<li><span style=\"color: #202a51;\">Mantenimiento preventivo<\/span><\/li>\n<li><span style=\"color: #202a51;\">EaseUS partition master<\/span><\/li>\n<li><span style=\"color: #202a51;\">EaseUS data recovery wizard<\/span><\/li>\n<li><span style=\"color: #202a51;\">Antivirus<\/span><\/li>\n<li><span style=\"color: #202a51;\">Almacenamiento en las nubes<\/span><\/li>\n<li><span style=\"color: #202a51;\">TeamViewer<\/span><\/li>\n<li><span style=\"color: #202a51;\">Desensamble correctivo<\/span><\/li>\n<li><span style=\"color: #202a51;\">Ensamble de una PC<\/span><\/li>\n<li><span style=\"color: #202a51;\">Sistemas operativos para celulares<\/span><\/li>\n<\/ul>\n<\/td>\n<td>\n<ul>\n<li><span style=\"color: #202a51;\">Desbloquear impresora Canon IP 2700.<\/span><\/li>\n<li><span style=\"color: #202a51;\">Crear una USB booteable.<\/span><\/li>\n<li><span style=\"color: #202a51;\">Crear una m\u00e1quina virtual.<\/span><\/li>\n<li><span style=\"color: #202a51;\">Encender la m\u00e1quina virtual e instalar el sistema operativo.<\/span><\/li>\n<li><span style=\"color: #202a51;\">Crear y asignar un disco virtual a un equipo virtual existente.<\/span><\/li>\n<li><span style=\"color: #202a51;\">Compartir informaci\u00f3n entre la m\u00e1quina virtual y la m\u00e1quina principal.<\/span><\/li>\n<li><span style=\"color: #202a51;\">Formatear EaseUS partition master.<\/span><\/li>\n<li><span style=\"color: #202a51;\">Convertir una unidad primaria en l\u00f3gica.<\/span><\/li>\n<li><span style=\"color: #202a51;\">Particionar un disco duro.<\/span><\/li>\n<li><span style=\"color: #202a51;\">Clonar particiones.<\/span><\/li>\n<li><span style=\"color: #202a51;\">Unir particiones.<\/span><\/li>\n<li><span style=\"color: #202a51;\">Subir archivos a Dropbox desde la web.<\/span><\/li>\n<li><span style=\"color: #202a51;\">Pasos a seguir para el desensamble de una PC.<\/span><\/li>\n<li><span style=\"color: #202a51;\">Pasos para la limpieza de una PC.<\/span><\/li>\n<li><span style=\"color: #202a51;\">Dar mantenimiento a una port\u00e1til y a una impresora.<\/span><\/li>\n<\/ul>\n<\/td>\n<td>\n<ul>\n<li><span style=\"color: #202a51;\">Participaci\u00f3n activa en la explicaci\u00f3n de los componentes b\u00e1sicos de una PC.<\/span><\/li>\n<li><span style=\"color: #202a51;\">Comparte informaci\u00f3n con sus compa\u00f1eros sobre las m\u00e1quinas virtuales y los pasos para realizar el mantenimiento preventivo.<\/span><\/li>\n<li><span style=\"color: #202a51;\">Cumple en totalidad en el espacio de aprendizaje los procedimientos necesarios para el desensamble y ensamble de una PC.<\/span><\/li>\n<li><span style=\"color: #202a51;\">Realizaci\u00f3n de las estrategias de aprendizaje.<\/span><\/li>\n<li><span style=\"color: #202a51;\">Disposici\u00f3n al trabajo en equipo.<\/span><\/li>\n<li><span style=\"color: #202a51;\">Respeto a normas de convivencia.<\/span><\/li>\n<li><span style=\"color: #202a51;\">Utilizaci\u00f3n de la l\u00f3gica.<\/span><\/li>\n<\/ul>\n<\/td>\n<\/tr>\n<\/tbody>\n<\/table>\n","protected":false},"excerpt":{"rendered":"<p><strong style=\"font-family: Segoe, 'Segoe UI', 'DejaVu Sans', 'Trebuchet MS', Verdana, sans-serif; font-size: 20px;\">Programas<\/strong><\/p>\n<ul>\n<li>EaseUs Partition Master<\/li>\n<li>EaseUs Data Recovery Wizard<\/li>\n<li>CCleaner<\/li>\n<li>Glary Utilities<\/li>\n<li>TeamViewer<\/li>\n<\/ul>\n<p>&nbsp;<\/p>\n<p><strong style=\"font-family: Segoe, 'Segoe UI', 'DejaVu Sans', 'Trebuchet MS', Verdana, sans-serif; font-size: 20px;\">Unidades en que se divide el libro<\/strong><\/p>\n<ul>\n<li>Unidad did\u00e1ctica 1: <strong>Principios electr\u00f3nicos y Componentes b\u00e1sicos de una PC<\/strong><\/li>\n<li>Unidad did\u00e1ctica 2: <strong>Perif\u00e9ricos de entrada \/ salida<\/strong><\/li>\n<li>Unidad did\u00e1ctica 3: <strong>M\u00e1quinas virtuales y Mantenimiento preventivo<\/strong><\/li>\n<li>Unidad did\u00e1ctica 4: <strong>Mantenimiento correctivo<\/strong><\/li>\n<\/ul>\n<p>&nbsp;<\/p>\n","protected":false},"featured_media":1125,"comment_status":"open","ping_status":"closed","template":"","meta":{"pagelayer_contact_templates":[],"_pagelayer_content":""},"product_brand":[],"product_cat":[29,20,49,47],"product_tag":[],"class_list":{"0":"post-906","1":"product","2":"type-product","3":"status-publish","4":"has-post-thumbnail","6":"product_cat-iii-bachillerato-tecnico-profesional-en-informatica","7":"product_cat-todos","8":"product_cat-bookslider","9":"product_cat-taller","11":"first","12":"instock","13":"shipping-taxable","14":"product-type-simple"},"_links":{"self":[{"href":"https:\/\/prueba.editorialfares.com\/wpcsv\/wp-json\/wp\/v2\/product\/906","targetHints":{"allow":["GET"]}}],"collection":[{"href":"https:\/\/prueba.editorialfares.com\/wpcsv\/wp-json\/wp\/v2\/product"}],"about":[{"href":"https:\/\/prueba.editorialfares.com\/wpcsv\/wp-json\/wp\/v2\/types\/product"}],"replies":[{"embeddable":true,"href":"https:\/\/prueba.editorialfares.com\/wpcsv\/wp-json\/wp\/v2\/comments?post=906"}],"wp:featuredmedia":[{"embeddable":true,"href":"https:\/\/prueba.editorialfares.com\/wpcsv\/wp-json\/wp\/v2\/media\/1125"}],"wp:attachment":[{"href":"https:\/\/prueba.editorialfares.com\/wpcsv\/wp-json\/wp\/v2\/media?parent=906"}],"wp:term":[{"taxonomy":"product_brand","embeddable":true,"href":"https:\/\/prueba.editorialfares.com\/wpcsv\/wp-json\/wp\/v2\/product_brand?post=906"},{"taxonomy":"product_cat","embeddable":true,"href":"https:\/\/prueba.editorialfares.com\/wpcsv\/wp-json\/wp\/v2\/product_cat?post=906"},{"taxonomy":"product_tag","embeddable":true,"href":"https:\/\/prueba.editorialfares.com\/wpcsv\/wp-json\/wp\/v2\/product_tag?post=906"}],"curies":[{"name":"wp","href":"https:\/\/api.w.org\/{rel}","templated":true}]}}