{"id":913,"date":"2017-10-19T22:33:09","date_gmt":"2017-10-19T22:33:09","guid":{"rendered":"http:\/\/localhost\/fares\/?post_type=product&#038;p=913"},"modified":"2023-09-13T01:25:47","modified_gmt":"2023-09-13T01:25:47","slug":"tecnologias-de-informacion-y-comunicacion-e-introduccion-a-la-programacion","status":"publish","type":"product","link":"https:\/\/prueba.editorialfares.com\/wpcsv\/producto\/tecnologias-de-informacion-y-comunicacion-e-introduccion-a-la-programacion\/","title":{"rendered":""},"content":{"rendered":"<table border=\"0\">\n<tbody>\n<tr>\n<th scope=\"col\" align=\"center\" valign=\"middle\" bgcolor=\"#E5E7EF\" width=\"512\"><strong style=\"font-family: Segoe, 'Segoe UI', 'DejaVu Sans', 'Trebuchet MS', Verdana, sans-serif; text-align: center; font-size: 20px; color: #202a51;\"> Contenidos conceptuales<\/strong><\/th>\n<th scope=\"col\" align=\"center\" valign=\"middle\" bgcolor=\"#ECF6F7\" width=\"513\"><strong style=\"font-family: Segoe, 'Segoe UI', 'DejaVu Sans', 'Trebuchet MS', Verdana, sans-serif; text-align: center; font-size: 20px; color: #202a51;\">Contenidos procedimentales <\/strong><\/th>\n<th scope=\"col\" align=\"center\" valign=\"middle\" bgcolor=\"#FAF2E0\" width=\"513\"><strong style=\"font-family: Segoe, 'Segoe UI', 'DejaVu Sans', 'Trebuchet MS', Verdana, sans-serif; text-align: center; font-size: 20px; color: #202a51;\">Contenidos actitudinales <\/strong><\/th>\n<\/tr>\n<tr>\n<td>\n<ul>\n<li><span style=\"color: #202a51;\">Sociedad de la informaci\u00f3n<\/span><\/li>\n<li><span style=\"color: #202a51;\">Tipos de TIC<\/span><\/li>\n<li><span style=\"color: #202a51;\">Importancia de las TIC en la educaci\u00f3n<\/span><\/li>\n<li><span style=\"color: #202a51;\">E-Learning<\/span><\/li>\n<li><span style=\"color: #202a51;\">Redes sociales y Facebook<\/span><\/li>\n<li><span style=\"color: #202a51;\">Herramientas TIC para el ambiente laboral<\/span><\/li>\n<li><span style=\"color: #202a51;\">Zoom<\/span><\/li>\n<li><span style=\"color: #202a51;\">Gmail<\/span><\/li>\n<li><span style=\"color: #202a51;\">Herramientas TIC para la creaci\u00f3n de blogs<\/span><\/li>\n<li><span style=\"color: #202a51;\">Herramientas TIC para videoconferencias<\/span><\/li>\n<li><span style=\"color: #202a51;\">Introducci\u00f3n a la programaci\u00f3n<\/span><\/li>\n<li><span style=\"color: #202a51;\">Tautolog\u00edas<\/span><\/li>\n<li><span style=\"color: #202a51;\">Algoritmos<\/span><\/li>\n<li><span style=\"color: #202a51;\">Diagramas de flujo<\/span><\/li>\n<li><span style=\"color: #202a51;\">PSeInt<\/span><\/li>\n<li><span style=\"color: #202a51;\">Pseudoc\u00f3digo<\/span><\/li>\n<li><span style=\"color: #202a51;\">Tipos o estilos de programaci\u00f3n<\/span><\/li>\n<li><span style=\"color: #202a51;\">Lenguaje de programaci\u00f3n C++<\/span><\/li>\n<li><span style=\"color: #202a51;\">Visual Studio C++<\/span><\/li>\n<li><span style=\"color: #202a51;\">Estructuras de control en C++<\/span><\/li>\n<\/ul>\n<\/td>\n<td>\n<ul>\n<li><span style=\"color: #202a51;\">Iniciar una reuni\u00f3n en zoom e invitar a otros a ser parte de la misma.<\/span><\/li>\n<li><span style=\"color: #202a51;\">Agendar reuni\u00f3n en zoom.<\/span><\/li>\n<li><span style=\"color: #202a51;\">Usar Google drive desde el navegador.<\/span><\/li>\n<li><span style=\"color: #202a51;\">Compartir archivos con Google drive.<\/span><\/li>\n<li><span style=\"color: #202a51;\">Creaci\u00f3n de documentos de Google, hoja de c\u00e1lculo y presentaciones.<\/span><\/li>\n<li><span style=\"color: #202a51;\">Creaci\u00f3n de un blog.<\/span><\/li>\n<li><span style=\"color: #202a51;\">Realizar una conversaci\u00f3n o videollamada desde su cuenta correo en Gmail.<\/span><\/li>\n<li><span style=\"color: #202a51;\">Crear algoritmos utilizando las estructuras de control.<\/span><\/li>\n<li><span style=\"color: #202a51;\">Crear diagramas de flujo y pseudoc\u00f3digos con PSeInt.<\/span><\/li>\n<li><span style=\"color: #202a51;\">Crear y guardar un nuevo proyecto en C++ visual studio.<\/span><\/li>\n<li><span style=\"color: #202a51;\">Crear programas utilizando las estructuras de control en C++.<\/span><\/li>\n<\/ul>\n<\/td>\n<td>\n<ul>\n<li><span style=\"color: #202a51;\">Caracterizaci\u00f3n de las TIC como instrumentos indispensables hoy en d\u00eda en el proceso de ense\u00f1anza \u2013 aprendizaje.<\/span><\/li>\n<li><span style=\"color: #202a51;\">Responsabilidad al usar las redes sociales con fines educativos.<\/span><\/li>\n<li><span style=\"color: #202a51;\">Toma conciencia que la programaci\u00f3n induce al pensamiento l\u00f3gico y racional.<\/span><\/li>\n<li><span style=\"color: #202a51;\">Valora el uso del software Visual C++ 2019 como lenguaje de programaci\u00f3n.<\/span><\/li>\n<li><span style=\"color: #202a51;\">Realizaci\u00f3n de las estrategias de aprendizaje.<\/span><\/li>\n<li><span style=\"color: #202a51;\">Disposici\u00f3n al trabajo en equipo.<\/span><\/li>\n<li><span style=\"color: #202a51;\">Respeto a normas de convivencia.<\/span><\/li>\n<li><span style=\"color: #202a51;\">Utiliza la l\u00f3gica.<\/span><\/li>\n<\/ul>\n<\/td>\n<\/tr>\n<\/tbody>\n<\/table>\n","protected":false},"excerpt":{"rendered":"<p><strong style=\"font-family: Segoe, 'Segoe UI', 'DejaVu Sans', 'Trebuchet MS', Verdana, sans-serif; font-size: 20px;\">Programas<\/strong><\/p>\n<ul>\n<li>Redes sociales<\/li>\n<li>PSeInt<\/li>\n<li>Visual C++ 2019<\/li>\n<\/ul>\n<p>&nbsp;<\/p>\n<p><strong style=\"font-family: Segoe, 'Segoe UI', 'DejaVu Sans', 'Trebuchet MS', Verdana, sans-serif; font-size: 20px;\">Unidades en que se divide el libro<\/strong><\/p>\n<ul>\n<li><strong>Tecnolog\u00edas de informaci\u00f3n y comunicaci\u00f3n<\/strong>\n<ul>\n<li>Unidad did\u00e1ctica 1: <strong>Sociedad de la informaci\u00f3n<\/strong><\/li>\n<li>Unidad did\u00e1ctica 2: <strong>Herramientas TIC multiprop\u00f3sito<\/strong><\/li>\n<\/ul>\n<\/li>\n<li><strong>Introducci\u00f3n a la programaci\u00f3n<\/strong>\n<ul>\n<li>Unidad did\u00e1ctica 1: <strong>Introducci\u00f3n a la programaci\u00f3n<\/strong><\/li>\n<li>Unidad did\u00e1ctica 2: <strong>Programaci\u00f3n Visual C++ 2019<\/strong><\/li>\n<\/ul>\n<\/li>\n<\/ul>\n<p>&nbsp;<\/p>\n","protected":false},"featured_media":1153,"comment_status":"open","ping_status":"closed","template":"","meta":{"pagelayer_contact_templates":[],"_pagelayer_content":""},"product_brand":[],"product_cat":[33,20,49,45],"product_tag":[],"class_list":{"0":"post-913","1":"product","2":"type-product","3":"status-publish","4":"has-post-thumbnail","6":"product_cat-ii-bachillerato-en-ciencias-y-humanidades","7":"product_cat-todos","8":"product_cat-bookslider","9":"product_cat-programacion","11":"first","12":"instock","13":"shipping-taxable","14":"product-type-simple"},"_links":{"self":[{"href":"https:\/\/prueba.editorialfares.com\/wpcsv\/wp-json\/wp\/v2\/product\/913","targetHints":{"allow":["GET"]}}],"collection":[{"href":"https:\/\/prueba.editorialfares.com\/wpcsv\/wp-json\/wp\/v2\/product"}],"about":[{"href":"https:\/\/prueba.editorialfares.com\/wpcsv\/wp-json\/wp\/v2\/types\/product"}],"replies":[{"embeddable":true,"href":"https:\/\/prueba.editorialfares.com\/wpcsv\/wp-json\/wp\/v2\/comments?post=913"}],"wp:featuredmedia":[{"embeddable":true,"href":"https:\/\/prueba.editorialfares.com\/wpcsv\/wp-json\/wp\/v2\/media\/1153"}],"wp:attachment":[{"href":"https:\/\/prueba.editorialfares.com\/wpcsv\/wp-json\/wp\/v2\/media?parent=913"}],"wp:term":[{"taxonomy":"product_brand","embeddable":true,"href":"https:\/\/prueba.editorialfares.com\/wpcsv\/wp-json\/wp\/v2\/product_brand?post=913"},{"taxonomy":"product_cat","embeddable":true,"href":"https:\/\/prueba.editorialfares.com\/wpcsv\/wp-json\/wp\/v2\/product_cat?post=913"},{"taxonomy":"product_tag","embeddable":true,"href":"https:\/\/prueba.editorialfares.com\/wpcsv\/wp-json\/wp\/v2\/product_tag?post=913"}],"curies":[{"name":"wp","href":"https:\/\/api.w.org\/{rel}","templated":true}]}}